{"id":176,"date":"2023-04-13T08:47:46","date_gmt":"2023-04-13T06:47:46","guid":{"rendered":"https:\/\/evergreen.fri.uniza.sk\/?page_id=176"},"modified":"2023-04-13T08:47:48","modified_gmt":"2023-04-13T06:47:48","slug":"zilinska-univerzita-v-ziline-slovakia","status":"publish","type":"page","link":"https:\/\/evergreen.fri.uniza.sk\/index.php\/zilinska-univerzita-v-ziline-slovakia\/","title":{"rendered":"\u017dilinsk\u00e1 univerzita v\u00a0\u017diline (Slovakia)"},"content":{"rendered":"\n<div class=\"wp-block-columns\">\n<div class=\"wp-block-column\" style=\"flex-basis:100%\">\n<div class=\"wp-block-columns\">\n<div class=\"wp-block-column\" style=\"flex-basis:33.33%\"><div class=\"wp-block-image\">\n<figure class=\"aligncenter size-full is-resized\"><img loading=\"lazy\" decoding=\"async\" src=\"https:\/\/evergreen-wordpress.kicon.fri.uniza.sk\/wp-content\/uploads\/2023\/02\/uniza-logo-1.png\" alt=\"\" class=\"wp-image-122\" width=\"200\" height=\"200\" srcset=\"https:\/\/evergreen.fri.uniza.sk\/wp-content\/uploads\/2023\/02\/uniza-logo-1.png 512w, https:\/\/evergreen.fri.uniza.sk\/wp-content\/uploads\/2023\/02\/uniza-logo-1-300x300.png 300w, https:\/\/evergreen.fri.uniza.sk\/wp-content\/uploads\/2023\/02\/uniza-logo-1-150x150.png 150w\" sizes=\"auto, (max-width: 200px) 100vw, 200px\" \/><\/figure><\/div><\/div>\n\n\n\n<div class=\"wp-block-column is-vertically-aligned-center\" style=\"flex-basis:66.66%\">\n<h2 class=\"wp-block-heading\">\u017dilinsk\u00e1 univerzita v\u00a0\u017diline (Slovakia)<\/h2>\n<\/div>\n<\/div>\n<\/div>\n<\/div>\n\n\n<div class=\"alignwide-wrap\" data-block=\"columns\">\n<div class=\"wp-block-columns alignwide\">\n<div class=\"wp-block-column\" style=\"flex-basis:100%\">\n<p>\u017dilinsk\u00e1 univerzita v \u017diline (University of \u017dilina) &#8211; UNIZA &#8211; with 70 years of history belongs to one of the leading educational and scientific institutions in Slovakia. It has seven faculties. The profile consists of: transport (road, railway, water, air), transport and postal services, traffic routes, transport and civil engineering, electrical engineering, telecommunications, informatics, information and communication technologies, management and marketing, mechanical engineering, materials and technologies, robotics, machinery design, energies, civil engineering, crisis and security management, civil security, fire protection, forensic engineering, applied mathematics, teaching of academic subjects, library and information science, high mountain biology.<br>At present there are about 7 408 students being educated at seven faculties in 169 accredited study programmes in all forms and degrees of university studies at the University. In its successful existence it has become the alma mater for almost 89 707 graduates, highly skilled professionals specialising mostly in transport and technical fields as well as management, marketing or humanities.<br>The University of \u017dilina has signed bilateral agreements with more than 60 countries worldwide, not only within Europe, but also in America (USA, Mexico, Brazil, Argentina, Cuba), Asia (Korea, Japan, China, Taiwan) and Africa (South Africa). In the field of university bilateral cooperation, the university moves forward in developing with the universities, higher education institutions and other institutions concerning the scientific and educational activities. In the history of the ERASMUS programme, the University of \u017dilina belongs to the most active and successful Slovak universities in terms of student motilities.<br>Faculty of Management Science and Informatics (FRI) was founded on July 17th 1990 by approval of University Senate. It offers the study in all three levels programmes of study (Bachelor, Master and Doctoral), mostly focusing on the Informatics, Data management, Management, Bio-informatics, Intelligent information systems and Networks. All programmes are officially approved by the Accreditation Commission of the Slovak Republic.<\/p>\n<\/div>\n<\/div>\n<\/div>","protected":false},"excerpt":{"rendered":"<div class=\"entry-summary\">\n<div class=\"entry-summary\">\n\u017dilinsk\u00e1 univerzita v\u00a0\u017diline (Slovakia) \u017dilinsk\u00e1 univerzita v \u017diline (University of \u017dilina) &#8211; UNIZA &#8211; with 70 years of history belongs to one of the leading educational and scientific institutions in Slovakia. It has seven faculties. The profile consists of: transport&hellip;\n<\/div>\n<div class=\"link-more\"><a href=\"https:\/\/evergreen.fri.uniza.sk\/index.php\/zilinska-univerzita-v-ziline-slovakia\/\" class=\"more-link\">Continue reading<span class=\"screen-reader-text\"> &ldquo;\u017dilinsk\u00e1 univerzita v\u00a0\u017diline (Slovakia)&rdquo;<\/span>&hellip;<\/a><\/div>\n<\/div>\n<div class=\"link-more\"><a href=\"https:\/\/evergreen.fri.uniza.sk\/index.php\/zilinska-univerzita-v-ziline-slovakia\/\" class=\"more-link\">Continue reading<span class=\"screen-reader-text\"> &ldquo;\u017dilinsk\u00e1 univerzita v\u00a0\u017diline (Slovakia)&rdquo;<\/span>&hellip;<\/a><\/div>\n","protected":false},"author":1,"featured_media":0,"parent":0,"menu_order":0,"comment_status":"closed","ping_status":"closed","template":"templates\/no-intro.php","meta":{"_acf_changed":false,"ngg_post_thumbnail":0,"footnotes":""},"class_list":["post-176","page","type-page","status-publish","hentry","entry"],"acf":[],"_links":{"self":[{"href":"https:\/\/evergreen.fri.uniza.sk\/index.php\/wp-json\/wp\/v2\/pages\/176","targetHints":{"allow":["GET"]}}],"collection":[{"href":"https:\/\/evergreen.fri.uniza.sk\/index.php\/wp-json\/wp\/v2\/pages"}],"about":[{"href":"https:\/\/evergreen.fri.uniza.sk\/index.php\/wp-json\/wp\/v2\/types\/page"}],"author":[{"embeddable":true,"href":"https:\/\/evergreen.fri.uniza.sk\/index.php\/wp-json\/wp\/v2\/users\/1"}],"replies":[{"embeddable":true,"href":"https:\/\/evergreen.fri.uniza.sk\/index.php\/wp-json\/wp\/v2\/comments?post=176"}],"version-history":[{"count":4,"href":"https:\/\/evergreen.fri.uniza.sk\/index.php\/wp-json\/wp\/v2\/pages\/176\/revisions"}],"predecessor-version":[{"id":182,"href":"https:\/\/evergreen.fri.uniza.sk\/index.php\/wp-json\/wp\/v2\/pages\/176\/revisions\/182"}],"wp:attachment":[{"href":"https:\/\/evergreen.fri.uniza.sk\/index.php\/wp-json\/wp\/v2\/media?parent=176"}],"curies":[{"name":"wp","href":"https:\/\/api.w.org\/{rel}","templated":true}]}}