{"id":199,"date":"2023-06-22T16:13:48","date_gmt":"2023-06-22T14:13:48","guid":{"rendered":"https:\/\/evergreen.fri.uniza.sk\/?page_id=199"},"modified":"2024-03-15T13:31:01","modified_gmt":"2024-03-15T12:31:01","slug":"city-of-kranj","status":"publish","type":"page","link":"https:\/\/evergreen.fri.uniza.sk\/index.php\/city-of-kranj\/","title":{"rendered":"City of Kranj"},"content":{"rendered":"\n\n<figure><img loading=\"lazy\" decoding=\"async\" src=\"https:\/\/evergreen-wordpress.kicon.fri.uniza.sk\/wp-content\/uploads\/2024\/03\/2018_MOK_logo_enovrsticni_barvni_En_png.png\" alt=\"\" width=\"1380\" height=\"387\" \/><\/figure>\n<h2>City of Kranj (Slovenia)<\/h2>\n<p>City of Kranj is the economic, commercial, traffic, educational, sport and cultural center of Gorenjska region. It lies at the crossroads of important traffic routes leading from northern Europe to the Adriatic and from western Europe to the east. The town developed on a natural pier at the confluence of the 30-meters-deep incised riverbeds of the Kokra and Sava, a river crossing at the intersection of the longitudinal path along the Sava and transverse paths towards Jezersko and Ljubelj and \u0160kofja Loka. The city is 6 km away from Jo\u017ee Pu\u010dnik International Airport. The city has daily connections with the capital Ljubljana and all major Slovenian cities and major cities of neighbouring countries. Only 30 minutes&#8217;\u00a0drive towards southeast is the romantic capital Ljubljana and in 20 minutes by car to the northwest you can reach Bled.<\/p>\n<p>\u00a0<\/p>\n<p>With the aim to reduce the emissions, lower the air pollution, to ensure healthier and happier environment and to create prosperity for its citizens and visitors, Kranj is planting threes, binding the urban parts of the city with the green parts, encouraging increase of energy use from renewable sources, developing the society of electric mobility, establishing the digital platforms for digital transformation. With its green and smart policy Kranj is becoming one of the European Small Giants.<\/p>\n\n","protected":false},"excerpt":{"rendered":"<div class=\"entry-summary\">\n<div class=\"entry-summary\">\nCity of Kranj (Slovenia) City of Kranj is the economic, commercial, traffic, educational, sport and cultural center of Gorenjska region. It lies at the crossroads of important traffic routes leading from northern Europe to the Adriatic and from western Europe&hellip;\n<\/div>\n<div class=\"link-more\"><a href=\"https:\/\/evergreen.fri.uniza.sk\/index.php\/city-of-kranj\/\" class=\"more-link\">Continue reading<span class=\"screen-reader-text\"> &ldquo;City of Kranj&rdquo;<\/span>&hellip;<\/a><\/div>\n<\/div>\n<div class=\"link-more\"><a href=\"https:\/\/evergreen.fri.uniza.sk\/index.php\/city-of-kranj\/\" class=\"more-link\">Continue reading<span class=\"screen-reader-text\"> &ldquo;City of Kranj&rdquo;<\/span>&hellip;<\/a><\/div>\n","protected":false},"author":1,"featured_media":0,"parent":0,"menu_order":0,"comment_status":"closed","ping_status":"closed","template":"templates\/no-intro.php","meta":{"_acf_changed":false,"ngg_post_thumbnail":0,"footnotes":""},"class_list":["post-199","page","type-page","status-publish","hentry","entry"],"acf":[],"_links":{"self":[{"href":"https:\/\/evergreen.fri.uniza.sk\/index.php\/wp-json\/wp\/v2\/pages\/199","targetHints":{"allow":["GET"]}}],"collection":[{"href":"https:\/\/evergreen.fri.uniza.sk\/index.php\/wp-json\/wp\/v2\/pages"}],"about":[{"href":"https:\/\/evergreen.fri.uniza.sk\/index.php\/wp-json\/wp\/v2\/types\/page"}],"author":[{"embeddable":true,"href":"https:\/\/evergreen.fri.uniza.sk\/index.php\/wp-json\/wp\/v2\/users\/1"}],"replies":[{"embeddable":true,"href":"https:\/\/evergreen.fri.uniza.sk\/index.php\/wp-json\/wp\/v2\/comments?post=199"}],"version-history":[{"count":4,"href":"https:\/\/evergreen.fri.uniza.sk\/index.php\/wp-json\/wp\/v2\/pages\/199\/revisions"}],"predecessor-version":[{"id":213,"href":"https:\/\/evergreen.fri.uniza.sk\/index.php\/wp-json\/wp\/v2\/pages\/199\/revisions\/213"}],"wp:attachment":[{"href":"https:\/\/evergreen.fri.uniza.sk\/index.php\/wp-json\/wp\/v2\/media?parent=199"}],"curies":[{"name":"wp","href":"https:\/\/api.w.org\/{rel}","templated":true}]}}