{"id":243,"date":"2025-01-25T20:40:05","date_gmt":"2025-01-25T19:40:05","guid":{"rendered":"https:\/\/evergreen.fri.uniza.sk\/?page_id=243"},"modified":"2025-03-06T10:45:12","modified_gmt":"2025-03-06T09:45:12","slug":"books","status":"publish","type":"page","link":"https:\/\/evergreen.fri.uniza.sk\/index.php\/books\/","title":{"rendered":"Books"},"content":{"rendered":"\n<h3>\n\t\tHow to Download the Free e-books from the Edis UNIZA Portal\n\t<\/h3>\n\t\t\t<a href=\"https:\/\/evergreen-wordpress.kicon.fri.uniza.sk\/wp-content\/uploads\/2025\/02\/how-to-buy-book-step-by-step-instructions.pdf\" target=\"_self\">\n\t\t\t\t\t\tRead More\n\t\t\t\t\t<\/a>\n<h2>\n\t\tEnvironmental data analysis\n\t<\/h2>\n\t\t\t\t<a href=\"https:\/\/edis.uniza.sk\/produkt\/7368\/ENVIRONMENTAL-DATA-ANALYSIS\/%20\" target=\"_self\" itemprop=\"url\">\n\t\t\t\t<img loading=\"lazy\" decoding=\"async\" src=\"https:\/\/evergreen-wordpress.kicon.fri.uniza.sk\/wp-content\/uploads\/2025\/01\/ENVIRONMENTAL-DATA-ANALYSIS.jpg\" alt=\"ENVIRONMENTAL DATA ANALYSIS\" itemprop=\"image\" height=\"909\" width=\"678\" title=\"ENVIRONMENTAL DATA ANALYSIS\" onerror=\"this.style.display='none'\"  \/>\n\t\t\t\t<\/a>\n\t<p>M. Kvet, A. Baggia, M. Borkovcov\u00e1, D. Murdinic, F. Urem<\/p>\n<h2>\n\t\tEnvironment\u00e1lna d\u00e1tov\u00e1 anal\u00fdza\n\t<\/h2>\n\t\t\t\t<a href=\"https:\/\/edis.uniza.sk\/produkt\/7391\/Environmentalna-datova-analyza\/\" target=\"_self\" itemprop=\"url\">\n\t\t\t\t<img loading=\"lazy\" decoding=\"async\" src=\"https:\/\/evergreen-wordpress.kicon.fri.uniza.sk\/wp-content\/uploads\/2025\/01\/Environmentalna-datova-analyza.jpg\" alt=\"Environment\u00e1lna d\u00e1tov\u00e1 anal\u00fdza\" itemprop=\"image\" height=\"912\" width=\"681\" title=\"Environment\u00e1lna d\u00e1tov\u00e1 anal\u00fdza\" onerror=\"this.style.display='none'\"  \/>\n\t\t\t\t<\/a>\n\tMichal Kvet, Marek Kvet,<br \/>\nMiroslav Poto\u010d\u00e1r\n<h2>\n\t\tAnaliza podataka o\u00a0okoli\u0161u\n\t<\/h2>\n\t\t\t\t<a href=\"https:\/\/edis.uniza.sk\/produkt\/7369\/ANALIZA-PODATAKA-O-OKOLISU\/\" target=\"_self\" itemprop=\"url\">\n\t\t\t\t<img loading=\"lazy\" decoding=\"async\" src=\"https:\/\/evergreen-wordpress.kicon.fri.uniza.sk\/wp-content\/uploads\/2025\/01\/ANALIZA-PODATAKA-O-OKOLISU.jpg\" alt=\"ANALIZA PODATAKA O OKOLI\u0160U\" itemprop=\"image\" height=\"908\" width=\"680\" title=\"ANALIZA PODATAKA O OKOLI\u0160U\" onerror=\"this.style.display='none'\"  \/>\n\t\t\t\t<\/a>\n\t<p>Marko Paveli\u0107, Frane urem, Ivan Livaja, Diana Murdini\u0107, Ivan \u0160oda, Marek Kvet, Michal Kvet<\/p>\n<h2>\n\t\tAnalitika okoljskih podatkov\n\t<\/h2>\n\t\t\t\t<a href=\"https:\/\/edis.uniza.sk\/produkt\/7370\/ANALITIKA-OKOLJSKIH-PODATKOV\/\" target=\"_self\" itemprop=\"url\">\n\t\t\t\t<img loading=\"lazy\" decoding=\"async\" src=\"https:\/\/evergreen-wordpress.kicon.fri.uniza.sk\/wp-content\/uploads\/2025\/01\/ANALITIKA-OKOLJSKIH-PODATKOV.jpg\" alt=\"ANALITIKA OKOLJSKIH PODATKOV\" itemprop=\"image\" height=\"907\" width=\"682\" title=\"ANALITIKA OKOLJSKIH PODATKOV\" onerror=\"this.style.display='none'\"  \/>\n\t\t\t\t<\/a>\n\t<p>M. Kvet, A. Baggia, M. Borkovcov\u00e1, D. Murdinic, F. Urem<\/p>\n<h2>\n\t\tEnvironment\u00e1ln\u00ed analyza dat\n\t<\/h2>\n\t\t\t\t<a href=\"https:\/\/edis.uniza.sk\/produkt\/7421\/Environmentalni-analyza-dat\/\" target=\"_self\" itemprop=\"url\">\n\t\t\t\t<img loading=\"lazy\" decoding=\"async\" src=\"https:\/\/evergreen-wordpress.kicon.fri.uniza.sk\/wp-content\/uploads\/2025\/03\/foto2_2460_964079.jpg\" alt=\"foto2_2460_964079\" itemprop=\"image\" height=\"910\" width=\"679\" title=\"foto2_2460_964079\" onerror=\"this.style.display='none'\"  \/>\n\t\t\t\t<\/a>\n\t<p>Monika Borkovcov\u00e1, Jan Merta, Tom\u00e1\u0161 Brandejsk\u00fd, Michal Kvet, Marek Kvet<\/p>\n<h2>\n\t\tBecome master in SQL\n\t<\/h2>\n\t\t\t\t<a href=\"https:\/\/edis.uniza.sk\/produkt\/7351\/Become-master-in-SQL\/\" target=\"_self\" itemprop=\"url\">\n\t\t\t\t<img loading=\"lazy\" decoding=\"async\" src=\"https:\/\/evergreen-wordpress.kicon.fri.uniza.sk\/wp-content\/uploads\/2025\/01\/Become-master-in-SQL.jpg\" alt=\"Become master in SQL\" itemprop=\"image\" height=\"2227\" width=\"1577\" title=\"Become master in SQL\" onerror=\"this.style.display='none'\"  \/>\n\t\t\t\t<\/a>\n\t<p>Michal Kvet<\/p>\n\n","protected":false},"excerpt":{"rendered":"<div class=\"entry-summary\">\n<div class=\"entry-summary\">\nHow to Download the Free e-books from the Edis UNIZA Portal Read More Environmental data analysis M. Kvet, A. Baggia, M. Borkovcov\u00e1, D. Murdinic, F. Urem Environment\u00e1lna d\u00e1tov\u00e1 anal\u00fdza Michal Kvet, Marek Kvet, Miroslav Poto\u010d\u00e1r Analiza podataka o\u00a0okoli\u0161u Marko Paveli\u0107,&hellip;\n<\/div>\n<div class=\"link-more\"><a href=\"https:\/\/evergreen.fri.uniza.sk\/index.php\/books\/\" class=\"more-link\">Continue reading<span class=\"screen-reader-text\"> &ldquo;Books&rdquo;<\/span>&hellip;<\/a><\/div>\n<\/div>\n<div class=\"link-more\"><a href=\"https:\/\/evergreen.fri.uniza.sk\/index.php\/books\/\" class=\"more-link\">Continue reading<span class=\"screen-reader-text\"> &ldquo;Books&rdquo;<\/span>&hellip;<\/a><\/div>\n","protected":false},"author":1,"featured_media":0,"parent":0,"menu_order":0,"comment_status":"closed","ping_status":"closed","template":"","meta":{"_acf_changed":false,"ngg_post_thumbnail":0,"footnotes":""},"class_list":["post-243","page","type-page","status-publish","hentry","entry"],"acf":[],"_links":{"self":[{"href":"https:\/\/evergreen.fri.uniza.sk\/index.php\/wp-json\/wp\/v2\/pages\/243","targetHints":{"allow":["GET"]}}],"collection":[{"href":"https:\/\/evergreen.fri.uniza.sk\/index.php\/wp-json\/wp\/v2\/pages"}],"about":[{"href":"https:\/\/evergreen.fri.uniza.sk\/index.php\/wp-json\/wp\/v2\/types\/page"}],"author":[{"embeddable":true,"href":"https:\/\/evergreen.fri.uniza.sk\/index.php\/wp-json\/wp\/v2\/users\/1"}],"replies":[{"embeddable":true,"href":"https:\/\/evergreen.fri.uniza.sk\/index.php\/wp-json\/wp\/v2\/comments?post=243"}],"version-history":[{"count":4,"href":"https:\/\/evergreen.fri.uniza.sk\/index.php\/wp-json\/wp\/v2\/pages\/243\/revisions"}],"predecessor-version":[{"id":703,"href":"https:\/\/evergreen.fri.uniza.sk\/index.php\/wp-json\/wp\/v2\/pages\/243\/revisions\/703"}],"wp:attachment":[{"href":"https:\/\/evergreen.fri.uniza.sk\/index.php\/wp-json\/wp\/v2\/media?parent=243"}],"curies":[{"name":"wp","href":"https:\/\/api.w.org\/{rel}","templated":true}]}}