{"id":255,"date":"2025-01-25T20:43:12","date_gmt":"2025-01-25T19:43:12","guid":{"rendered":"https:\/\/evergreen.fri.uniza.sk\/?page_id=255"},"modified":"2025-11-21T08:26:41","modified_gmt":"2025-11-21T07:26:41","slug":"publications","status":"publish","type":"page","link":"https:\/\/evergreen.fri.uniza.sk\/index.php\/publications\/","title":{"rendered":"Publications"},"content":{"rendered":"\n<h2>\n\t\tIceta 2022\n\t<\/h2>\n\t<p>20th Anniversary of IEEE International Conference on Emerging eLearning Technologies and Applications<\/p>\n<p>20-21.10.2022, Star\u00fd Smokovec (Slovakia)<\/p>\n\t\t\t<a href=\"https:\/\/evergreen.fri.uniza.sk\/wp-content\/uploads\/2025\/01\/paper1.pdf\" target=\"_self\">\n\t\t\t\t\t\tConcept of Hybrid Temporal Architecture\n\t\t\t\t\t<\/a>\n\t\t\t<a href=\"https:\/\/evergreen.fri.uniza.sk\/wp-content\/uploads\/2025\/01\/paper2.pdf\" target=\"_self\">\n\t\t\t\t\t\tInformation System for Asset Management in Buildings\n\t\t\t\t\t<\/a>\n<h2>\n\t\tFRUCT 32\n\t<\/h2>\n\t<p>The 32nd Conference of Open Innovations Association FRUCT<\/p>\n<p>9-11.11.2022, Tampere (Finland)<\/p>\n\t\t\t<a href=\"https:\/\/evergreen.fri.uniza.sk\/wp-content\/uploads\/2025\/01\/paper.pdf\" target=\"_self\">\n\t\t\t\t\t\tDatabase Block Management using Master Index\n\t\t\t\t\t<\/a>\n<h2>\n\t\tSST 2022\n\t<\/h2>\n\t<p>International Conference on Smart Systems and Technologies<\/p>\n<p>19-21.11.2022, Osijek (Croatia)<\/p>\n\t\t\t<a href=\"https:\/\/evergreen.fri.uniza.sk\/wp-content\/uploads\/2025\/01\/paper-1.pdf\" target=\"_self\">\n\t\t\t\t\t\tIdentifying, Managing and Accessing Undefined Tuple States in Relational Databases\n\t\t\t\t\t<\/a>\n<h2>\n\t\tInformatics 2022\n\t<\/h2>\n\t<p>IEEE 16th International Scientific Conference on Informatics<\/p>\n<p>23-25.11.2022, Poprad (Slovakia)<\/p>\n\t\t\t<a href=\"https:\/\/evergreen.fri.uniza.sk\/wp-content\/uploads\/2025\/01\/paper1-1.pdf\" target=\"_self\">\n\t\t\t\t\t\tImpact on Disc Types on Database Performance\n\t\t\t\t\t<\/a>\n\t\t\t<a href=\"https:\/\/evergreen.fri.uniza.sk\/wp-content\/uploads\/2025\/01\/paper2-1.pdf\" target=\"_self\">\n\t\t\t\t\t\tRelation between the Temporal Database Environment and Disc Block Size\n\t\t\t\t\t<\/a>\n<h2>\n\t\tFRUCT 33\n\t<\/h2>\n\t<p>The 33rd Conference of Open Innovations Association FRUCT<\/p>\n<p>24-26.5.2023, \u017dilina (Slovakia)<\/p>\n\t\t\t<a href=\"https:\/\/evergreen.fri.uniza.sk\/wp-content\/uploads\/2025\/01\/paper1-2.pdf\" target=\"_self\">\n\t\t\t\t\t\tIdentifying and Treating NULL Values in the Oracle Database &#8211; Performance Case Study\n\t\t\t\t\t<\/a>\n\t\t\t<a href=\"https:\/\/evergreen.fri.uniza.sk\/wp-content\/uploads\/2025\/01\/paper2-2.pdf\" target=\"_self\">\n\t\t\t\t\t\tInformation System for Crime Monitoring in Europe\n\t\t\t\t\t<\/a>\n\t\t\t<a href=\"https:\/\/evergreen.fri.uniza.sk\/wp-content\/uploads\/2025\/01\/fruct33-3.pdf\" target=\"_self\">\n\t\t\t\t\t\tComparison of Unigram, HMM, CRF and Brill\u00b4s Part-of-Speech Taggers Available in NLTK Library\n\t\t\t\t\t<\/a>\n\t\t\t<a href=\"https:\/\/evergreen.fri.uniza.sk\/wp-content\/uploads\/2025\/01\/paper4.pdf\" target=\"_self\">\n\t\t\t\t\t\tDomain Blacklist Efficacy for Phishing Web-page Detection Over an Extended Time Period\n\t\t\t\t\t<\/a>\n<h2>\n\t\tISIE 2023\n\t<\/h2>\n\t<p>32nd International Symposium on Industrial Electronics<\/p>\n<p>19-21.6.2023, Helsinki (Finland)<\/p>\n\t\t\t<a href=\"https:\/\/evergreen.fri.uniza.sk\/wp-content\/uploads\/2025\/01\/paper-2.pdf\" target=\"_self\">\n\t\t\t\t\t\tTemporal bi-index\n\t\t\t\t\t<\/a>\n<h2>\n\t\tIDT 2023\n\t<\/h2>\n\t<p>The International Conference on Information and Digital Technologies 2023<\/p>\n<p>20-22.6.2023, \u017dilina (Slovakia)<\/p>\n\t\t\t<a href=\"https:\/\/evergreen.fri.uniza.sk\/wp-content\/uploads\/2025\/01\/paper-3.pdf\" target=\"_self\">\n\t\t\t\t\t\tUsing Boolean Data Type in Oracle Database &#8211; Performance Study\n\t\t\t\t\t<\/a>\n<h2>\n\t\tDISA 2023\n\t<\/h2>\n\t<p>World Symposium on Digital Intelligence for Systems and Machines<\/p>\n<p>21-22.9.2023, Ko\u0161ice (Slovakia)<\/p>\n\t\t\t<a href=\"https:\/\/evergreen.fri.uniza.sk\/wp-content\/uploads\/2025\/01\/paper-4.pdf\" target=\"_self\">\n\t\t\t\t\t\tReferencing validity assignment using B+tree index enhancements\n\t\t\t\t\t<\/a>\n<h2>\n\t\tKIT 2023\n\t<\/h2>\n\t<p>2023 Communication and Information Technologies Conference Proceedings<\/p>\n<p>11-13.10.2023, Tatransk\u00e9 Zruby (Slovakia)<\/p>\n\t\t\t<a href=\"https:\/\/evergreen.fri.uniza.sk\/wp-content\/uploads\/2025\/01\/paper-5.pdf\" target=\"_self\">\n\t\t\t\t\t\tReferencing validity assignment using B+tree index enhancements\n\t\t\t\t\t<\/a>\n<h2>\n\t\tFRUCT 34\n\t<\/h2>\n\t<p>The 34th Conference of Open Innovations Association FRUCT<\/p>\n<p>15-17.11.2023, Riga (Latvia)<\/p>\n\t\t\t<a href=\"https:\/\/evergreen.fri.uniza.sk\/wp-content\/uploads\/2025\/01\/paper-6.pdf\" target=\"_self\">\n\t\t\t\t\t\tEnhanced Data Locking to Serve ACID Transaction Properties in the Oracle Database\n\t\t\t\t\t<\/a>\n<h2>\n\t\tSAMI 2024\n\t<\/h2>\n\t<p>IEEE 22nd World Symposium on Applied Machine Intelligence and Informatics<\/p>\n<p>25-27.1.2024, Star\u00e1 Lesn\u00e1 (Slovakia)<\/p>\n\t\t\t<a href=\"https:\/\/evergreen.fri.uniza.sk\/wp-content\/uploads\/2025\/01\/paper1-3.pdf\" target=\"_self\">\n\t\t\t\t\t\tTop data analysis performance &#8211; case study\n\t\t\t\t\t<\/a>\n\t\t\t<a href=\"https:\/\/evergreen.fri.uniza.sk\/wp-content\/uploads\/2025\/01\/paper2-3.pdf\" target=\"_self\">\n\t\t\t\t\t\tURL and Domain Obfuscation Techniques &#8211; Prevalence and Trends Observed on Phishing Data\n\t\t\t\t\t<\/a>\n<h2>\n\t\tDidinfo 2024\n\t<\/h2>\n\t<p>Mezin\u00e1rodn\u00ed konference o vyu\u010dov\u00e1n\u00ed informatiky<\/p>\n<p>7-9.2.2024, Liberec (Czech Republic)<\/p>\n\t\t\t<a href=\"https:\/\/evergreen.fri.uniza.sk\/wp-content\/uploads\/2025\/01\/paper-7.pdf\" target=\"_self\">\n\t\t\t\t\t\tInvolvement of students in the analysis of environmental data\n\t\t\t\t\t<\/a>\n<h2>\n\t\tWorldCist 2024\n\t<\/h2>\n\t<p>2024 World Conference on Information Systems and Technologies<\/p>\n<p>26-28.3.2024, Lodz (Poland)<\/p>\n\t\t\t<a href=\"https:\/\/evergreen.fri.uniza.sk\/wp-content\/uploads\/2025\/01\/worldcist-1.pdf\" target=\"_self\">\n\t\t\t\t\t\tImpact of Preprocessing Using Substitution on the Performance of Selected NER Models &#8211; Methodology\n\t\t\t\t\t<\/a>\n\t\t\t<a href=\"https:\/\/evergreen.fri.uniza.sk\/wp-content\/uploads\/2025\/01\/worldcist-2.pdf\" target=\"_self\">\n\t\t\t\t\t\tImpact of Preprocessing Using Substitution on the Performance of Selected NER Models &#8211; Results\n\t\t\t\t\t<\/a>\n\t\t\t<a href=\"https:\/\/evergreen.fri.uniza.sk\/wp-content\/uploads\/2025\/01\/worldcist-3.pdf\" target=\"_self\">\n\t\t\t\t\t\tPhishing Webpage Longevity\n\t\t\t\t\t<\/a>\n\t\t\t<a href=\"https:\/\/evergreen.fri.uniza.sk\/wp-content\/uploads\/2025\/01\/worldcist-4.pdf\" target=\"_self\">\n\t\t\t\t\t\tPerformance Analysis of the Data Aggregation in the Oracle Database\n\t\t\t\t\t<\/a>\n<h2>\n\t\tFRUCT 35\n\t<\/h2>\n\t<p>The 35th Conference of Open Innovations Association FRUCT<\/p>\n<p>24-26.4.2024, Tampere (Finland)<\/p>\n\t\t\t<a href=\"https:\/\/evergreen.fri.uniza.sk\/wp-content\/uploads\/2025\/01\/paper1-4.pdf\" target=\"_self\">\n\t\t\t\t\t\tReferring NULL values in Partitioned Tables\n\t\t\t\t\t<\/a>\n\t\t\t<a href=\"https:\/\/evergreen.fri.uniza.sk\/wp-content\/uploads\/2025\/01\/paper2-4.pdf\" target=\"_self\">\n\t\t\t\t\t\tAnalytical Tool for Oracle SQL Statements\n\t\t\t\t\t<\/a>\n\t\t\t<a href=\"https:\/\/evergreen.fri.uniza.sk\/wp-content\/uploads\/2025\/01\/paper3.pdf\" target=\"_self\">\n\t\t\t\t\t\tAPI Interface for Analyzing the Correctness of DML Queries\n\t\t\t\t\t<\/a>\n<h2>\n\t\tIceta 2024\n\t<\/h2>\n\t<p>22nd Year of International Conference on Emerging eLearning Technologies and Applications<\/p>\n<p>24-25.10.2024, Star\u00fd Smokovec (Slovakia)<\/p>\n\t\t\t<a href=\"https:\/\/evergreen.fri.uniza.sk\/wp-content\/uploads\/2025\/01\/paper-8.pdf\" target=\"_self\">\n\t\t\t\t\t\tInformation System for Police Force: Application for analyzing traffic accidents data\n\t\t\t\t\t<\/a>\n<h2>\n\t\tIEEE Access\n\t<\/h2>\n\t<p>IEEE Access<\/p>\n<p>2024, &#8211;<\/p>\n\t\t\t<a href=\"https:\/\/evergreen.fri.uniza.sk\/wp-content\/uploads\/2025\/01\/paper1-5.pdf\" target=\"_self\">\n\t\t\t\t\t\tEnhancing analytical Select statements using reference aliases\n\t\t\t\t\t<\/a>\n\t\t\t<a href=\"https:\/\/evergreen.fri.uniza.sk\/wp-content\/uploads\/2025\/01\/paper2-5.pdf\" target=\"_self\">\n\t\t\t\t\t\tA Framework for Preparing a Balanced and Comprehensive Phishing Dataset\n\t\t\t\t\t<\/a>\n<h2>\n\t\tSAMI 2025\n\t<\/h2>\n\t<p>IEEE 23rd World Symposium on Applied Machine Intelligence and Informatics<\/p>\n<p>23-25.1.2025, Star\u00e1 Lesn\u00e1 (Slovakia)<\/p>\n\t\t\t<a href=\"https:\/\/evergreen.fri.uniza.sk\/wp-content\/uploads\/2025\/01\/paper1-6.pdf\" target=\"_self\">\n\t\t\t\t\t\tValued neighborhood search for determination of Pareto-optimal solutions\n\t\t\t\t\t<\/a>\n\t\t\t<a href=\"https:\/\/evergreen.fri.uniza.sk\/wp-content\/uploads\/2025\/01\/paper2-6.pdf\" target=\"_self\">\n\t\t\t\t\t\tData Analysis &#8211; Aggregate Function Performance\n\t\t\t\t\t<\/a>\n\t\t\t<a href=\"https:\/\/evergreen.fri.uniza.sk\/wp-content\/uploads\/2025\/01\/paper3-1.pdf\" target=\"_self\">\n\t\t\t\t\t\tJSON Processing and Error Correction in SQL Functions\n\t\t\t\t\t<\/a>\n\t\t\t<a href=\"https:\/\/evergreen.fri.uniza.sk\/wp-content\/uploads\/2025\/01\/paper4-1.pdf\" target=\"_self\">\n\t\t\t\t\t\tImproving Cybersecurity in Hospital Information Systems through the Anonymization Techniques\n\t\t\t\t\t<\/a>\n<h2>\n\t\tDidinfo 2025\n\t<\/h2>\n\t<p>Mezin\u00e1rodn\u00ed konference o vyu\u010dov\u00e1n\u00ed informatiky<\/p>\n<p>26-28.3.2025, Bansk\u00e1 Bystrica (Slovakia)<\/p>\n\t\t\t<a href=\"https:\/\/evergreen.fri.uniza.sk\/wp-content\/uploads\/2025\/05\/clanok_DIDINFO_final.pdf\" target=\"_self\">\n\t\t\t\t\t\tAnal\u00fdza podmienok predmetu D\u00e1tov\u00e1 analytika a v\u00fdkonnos\u0165 a ich vplyv na v\u00fdsledky \u0161tudentov\n\t\t\t\t\t<\/a>\n<h2>\n\t\tWorldCist 2025\n\t<\/h2>\n\t<p>13rd World Conference on Information Systems and Technologies<\/p>\n<p>15-17.4.2025, Florian\u00f3polis (Brazil)<\/p>\n\t\t\t<a href=\"https:\/\/evergreen.fri.uniza.sk\/wp-content\/uploads\/2025\/11\/clanok1_marek.pdf\" target=\"_self\">\n\t\t\t\t\t\tSystem Architecture for Real-Time Health Monitoring Using Apple Watch and HealthKit\n\t\t\t\t\t<\/a>\n\t\t\t<a href=\"https:\/\/evergreen.fri.uniza.sk\/wp-content\/uploads\/2025\/11\/clanok2_michal.pdf\" target=\"_self\">\n\t\t\t\t\t\tSecurity Aspects of Collecting and Transmitting Health Data from Apple Watch to Healthcare System\n\t\t\t\t\t<\/a>\n\t\t\t<a href=\"https:\/\/evergreen.fri.uniza.sk\/wp-content\/uploads\/2025\/11\/clanok3_melekova_michal.pdf\" target=\"_self\">\n\t\t\t\t\t\tChoosing the Right Data Format for Storing and Manipulating Database Data in HashMap\n\t\t\t\t\t<\/a>\n\t\t\t<a href=\"https:\/\/evergreen.fri.uniza.sk\/wp-content\/uploads\/2025\/11\/clanok4_rapsik_michal.pdf\" target=\"_self\">\n\t\t\t\t\t\tDesign and Implementation of a Hospital Information System Data Model: Theoretical Foundations and Technical Insights\n\t\t\t\t\t<\/a>\n<h2>\n\t\tFRUCT 37\n\t<\/h2>\n\t<p>The 37th Conference of Open Innovations Association FRUCT<\/p>\n<p>14-16.5.2025, Helsinki (Finland)<\/p>\n\t\t\t<a href=\"https:\/\/evergreen.fri.uniza.sk\/wp-content\/uploads\/2025\/05\/clanok_teaching_process.pdf\" target=\"_self\">\n\t\t\t\t\t\tTeaching Process and Student Result Analysis &#8211; Case Study\n\t\t\t\t\t<\/a>\n\t\t\t<a href=\"https:\/\/evergreen.fri.uniza.sk\/wp-content\/uploads\/2025\/05\/clanok_DAV.pdf\" target=\"_self\">\n\t\t\t\t\t\tDatabase Analytics and Performance on Data From Telecom Customer Service\n\t\t\t\t\t<\/a>\n\n","protected":false},"excerpt":{"rendered":"<div class=\"entry-summary\">\n<div class=\"entry-summary\">\nIceta 2022 20th Anniversary of IEEE International Conference on Emerging eLearning Technologies and Applications 20-21.10.2022, Star\u00fd Smokovec (Slovakia) Concept of Hybrid Temporal Architecture Information System for Asset Management in Buildings FRUCT 32 The 32nd Conference of Open Innovations Association FRUCT&hellip;\n<\/div>\n<div class=\"link-more\"><a href=\"https:\/\/evergreen.fri.uniza.sk\/index.php\/publications\/\" class=\"more-link\">Continue reading<span class=\"screen-reader-text\"> &ldquo;Publications&rdquo;<\/span>&hellip;<\/a><\/div>\n<\/div>\n<div class=\"link-more\"><a href=\"https:\/\/evergreen.fri.uniza.sk\/index.php\/publications\/\" class=\"more-link\">Continue reading<span class=\"screen-reader-text\"> &ldquo;Publications&rdquo;<\/span>&hellip;<\/a><\/div>\n","protected":false},"author":1,"featured_media":0,"parent":0,"menu_order":0,"comment_status":"closed","ping_status":"closed","template":"","meta":{"_acf_changed":false,"ngg_post_thumbnail":0,"footnotes":""},"class_list":["post-255","page","type-page","status-publish","hentry","entry"],"acf":[],"_links":{"self":[{"href":"https:\/\/evergreen.fri.uniza.sk\/index.php\/wp-json\/wp\/v2\/pages\/255","targetHints":{"allow":["GET"]}}],"collection":[{"href":"https:\/\/evergreen.fri.uniza.sk\/index.php\/wp-json\/wp\/v2\/pages"}],"about":[{"href":"https:\/\/evergreen.fri.uniza.sk\/index.php\/wp-json\/wp\/v2\/types\/page"}],"author":[{"embeddable":true,"href":"https:\/\/evergreen.fri.uniza.sk\/index.php\/wp-json\/wp\/v2\/users\/1"}],"replies":[{"embeddable":true,"href":"https:\/\/evergreen.fri.uniza.sk\/index.php\/wp-json\/wp\/v2\/comments?post=255"}],"version-history":[{"count":7,"href":"https:\/\/evergreen.fri.uniza.sk\/index.php\/wp-json\/wp\/v2\/pages\/255\/revisions"}],"predecessor-version":[{"id":732,"href":"https:\/\/evergreen.fri.uniza.sk\/index.php\/wp-json\/wp\/v2\/pages\/255\/revisions\/732"}],"wp:attachment":[{"href":"https:\/\/evergreen.fri.uniza.sk\/index.php\/wp-json\/wp\/v2\/media?parent=255"}],"curies":[{"name":"wp","href":"https:\/\/api.w.org\/{rel}","templated":true}]}}